{"id":21,"date":"2025-12-15T23:06:15","date_gmt":"2025-12-15T23:06:15","guid":{"rendered":"https:\/\/host-102661.webhosting.magentabusiness.at\/?page_id=21"},"modified":"2025-12-15T23:15:31","modified_gmt":"2025-12-15T23:15:31","slug":"wir-machen-ihre-hausaufgaben","status":"publish","type":"page","link":"https:\/\/host-102661.webhosting.magentabusiness.at\/","title":{"rendered":"Home"},"content":{"rendered":"\n<figure class=\"wp-block-image size-large\"><img loading=\"lazy\" decoding=\"async\" width=\"1024\" height=\"504\" src=\"https:\/\/host-102661.webhosting.magentabusiness.at\/wp-content\/uploads\/2025\/12\/startbild_4-1024x504.png\" alt=\"\" class=\"wp-image-22\" srcset=\"https:\/\/host-102661.webhosting.magentabusiness.at\/wp-content\/uploads\/2025\/12\/startbild_4-1024x504.png 1024w, https:\/\/host-102661.webhosting.magentabusiness.at\/wp-content\/uploads\/2025\/12\/startbild_4-300x148.png 300w, https:\/\/host-102661.webhosting.magentabusiness.at\/wp-content\/uploads\/2025\/12\/startbild_4-768x378.png 768w, https:\/\/host-102661.webhosting.magentabusiness.at\/wp-content\/uploads\/2025\/12\/startbild_4-1000x492.png 1000w, https:\/\/host-102661.webhosting.magentabusiness.at\/wp-content\/uploads\/2025\/12\/startbild_4-230x113.png 230w, https:\/\/host-102661.webhosting.magentabusiness.at\/wp-content\/uploads\/2025\/12\/startbild_4-350x172.png 350w, https:\/\/host-102661.webhosting.magentabusiness.at\/wp-content\/uploads\/2025\/12\/startbild_4-480x236.png 480w, https:\/\/host-102661.webhosting.magentabusiness.at\/wp-content\/uploads\/2025\/12\/startbild_4.png 1110w\" sizes=\"auto, (max-width: 1024px) 100vw, 1024px\" \/><\/figure>\n\n\n\n<h1 class=\"wp-block-heading\">WIR machen IHRE Hausaufgaben!<\/h1>\n\n\n\n<p>Die immobilienwerkstatt<strong>drexler<\/strong> ist ein junges, dynamisches Einzelunternehmen mit derzeit 6 Mitarbeitern, die knapp 100.000m\u00b2 Mietfl\u00e4che bearbeiten.<\/p>\n\n\n\n<p>Mittlerweile in der 3. Generation wurde die Hausverwaltung in den 40er Jahren vom Sohn eines namhaften Wiener Jahrhundertwendearchitekten, einem Sch\u00fcler Theophil Hansens, ins Leben gerufen und in den 80ern von dessen Enkel \u00fcbernommen. Mit 1.1.2008 entstand aus der Fusionierung der v\u00e4terlichen Realkanzlei Dr. Drexler und dem im August 2007 gegr\u00fcndeten Unternehmen immobilienwerkstatt<strong>drexler&nbsp;<\/strong>ein moderner, kunden- und serviceorientierter Dienstleister auf h\u00f6chstem Niveau.<\/p>\n","protected":false},"excerpt":{"rendered":"<p>WIR machen IHRE Hausaufgaben! Die immobilienwerkstattdrexler ist ein junges, dynamisches Einzelunternehmen mit derzeit 6 Mitarbeitern, die knapp 100.000m\u00b2 Mietfl\u00e4che bearbeiten. Mittlerweile in [&hellip;]<\/p>\n","protected":false},"author":1,"featured_media":22,"parent":0,"menu_order":0,"comment_status":"closed","ping_status":"closed","template":"","meta":{"footnotes":""},"class_list":["post-21","page","type-page","status-publish","has-post-thumbnail","hentry"],"_links":{"self":[{"href":"https:\/\/host-102661.webhosting.magentabusiness.at\/index.php?rest_route=\/wp\/v2\/pages\/21","targetHints":{"allow":["GET"]}}],"collection":[{"href":"https:\/\/host-102661.webhosting.magentabusiness.at\/index.php?rest_route=\/wp\/v2\/pages"}],"about":[{"href":"https:\/\/host-102661.webhosting.magentabusiness.at\/index.php?rest_route=\/wp\/v2\/types\/page"}],"author":[{"embeddable":true,"href":"https:\/\/host-102661.webhosting.magentabusiness.at\/index.php?rest_route=\/wp\/v2\/users\/1"}],"replies":[{"embeddable":true,"href":"https:\/\/host-102661.webhosting.magentabusiness.at\/index.php?rest_route=%2Fwp%2Fv2%2Fcomments&post=21"}],"version-history":[{"count":3,"href":"https:\/\/host-102661.webhosting.magentabusiness.at\/index.php?rest_route=\/wp\/v2\/pages\/21\/revisions"}],"predecessor-version":[{"id":29,"href":"https:\/\/host-102661.webhosting.magentabusiness.at\/index.php?rest_route=\/wp\/v2\/pages\/21\/revisions\/29"}],"wp:featuredmedia":[{"embeddable":true,"href":"https:\/\/host-102661.webhosting.magentabusiness.at\/index.php?rest_route=\/wp\/v2\/media\/22"}],"wp:attachment":[{"href":"https:\/\/host-102661.webhosting.magentabusiness.at\/index.php?rest_route=%2Fwp%2Fv2%2Fmedia&parent=21"}],"curies":[{"name":"wp","href":"https:\/\/api.w.org\/{rel}","templated":true}]}}